{"id":10,"date":"2016-04-02T18:01:00","date_gmt":"2016-04-02T16:01:00","guid":{"rendered":"http:\/\/www.droehl.at\/?page_id=10"},"modified":"2021-02-23T11:29:33","modified_gmt":"2021-02-23T10:29:33","slug":"privatleistungen","status":"publish","type":"page","link":"https:\/\/www.droehl.at\/?page_id=10","title":{"rendered":"Privatleistungen"},"content":{"rendered":"<p><span style=\"font-family: verdana, geneva, sans-serif;\"><strong><span style=\"color: #000000;\">Schmerztherapie:<\/span> <a href=\"http:\/\/www.repuls.at\/produkte\/wie-wirkt-repuls\/\" target=\"_blank\" rel=\"noopener\">Repuls<\/a>&#8211;<span style=\"color: #000000;\">Tiefenrotlicht, Neuraltherapie, Medikamentenberatung, Infusionen, hom\u00f6opathische Arthroseinjektionskur<\/span><\/strong><\/span><\/p>\n<p><span style=\"color: #000000; font-family: verdana, geneva, sans-serif;\"><strong>EKG, Blutabnahme f\u00fcr komplettes Labor, Hausbesuch<\/strong><\/span><\/p>\n<p><span style=\"color: #000000; font-family: verdana, geneva, sans-serif;\"><strong>Abwehrsteigerung<\/strong> bei Infektanf\u00e4lligkeit: Vitamin-C-Infusionen, Hom\u00f6opatische Injektionen, Medikamente, Impfungen<\/span><\/p>\n<p><span style=\"color: #000000; font-family: verdana, geneva, sans-serif;\"><strong>Schnelltests<\/strong>: Blutzucker, INR, Harnstreifen<\/span><\/p>\n<p><span style=\"color: #000000; font-family: verdana, geneva, sans-serif;\"><strong>Allergiebehandlung<\/strong>: Lebensmittelallergie-Test mit Immupro300<\/span><\/p>\n<p><span style=\"color: #000000; font-family: verdana, geneva, sans-serif;\"><strong>Patientenverf\u00fcgung<\/strong><\/span><\/p>\n<p><a href=\"https:\/\/www.droehl.at\/?page_id=10\">top<\/a><\/p>\n","protected":false},"excerpt":{"rendered":"<p>Schmerztherapie: Repuls&#8211;Tiefenrotlicht, Neuraltherapie, Medikamentenberatung, Infusionen, hom\u00f6opathische Arthroseinjektionskur EKG, Blutabnahme f\u00fcr komplettes Labor, Hausbesuch Abwehrsteigerung bei Infektanf\u00e4lligkeit: Vitamin-C-Infusionen, Hom\u00f6opatische Injektionen, Medikamente, Impfungen Schnelltests: Blutzucker, INR, Harnstreifen Allergiebehandlung: Lebensmittelallergie-Test mit Immupro300 Patientenverf\u00fcgung top<\/p>\n","protected":false},"author":1,"featured_media":0,"parent":0,"menu_order":0,"comment_status":"closed","ping_status":"closed","template":"","meta":{"footnotes":""},"class_list":["post-10","page","type-page","status-publish","hentry"],"_links":{"self":[{"href":"https:\/\/www.droehl.at\/index.php?rest_route=\/wp\/v2\/pages\/10","targetHints":{"allow":["GET"]}}],"collection":[{"href":"https:\/\/www.droehl.at\/index.php?rest_route=\/wp\/v2\/pages"}],"about":[{"href":"https:\/\/www.droehl.at\/index.php?rest_route=\/wp\/v2\/types\/page"}],"author":[{"embeddable":true,"href":"https:\/\/www.droehl.at\/index.php?rest_route=\/wp\/v2\/users\/1"}],"replies":[{"embeddable":true,"href":"https:\/\/www.droehl.at\/index.php?rest_route=%2Fwp%2Fv2%2Fcomments&post=10"}],"version-history":[{"count":10,"href":"https:\/\/www.droehl.at\/index.php?rest_route=\/wp\/v2\/pages\/10\/revisions"}],"predecessor-version":[{"id":425,"href":"https:\/\/www.droehl.at\/index.php?rest_route=\/wp\/v2\/pages\/10\/revisions\/425"}],"wp:attachment":[{"href":"https:\/\/www.droehl.at\/index.php?rest_route=%2Fwp%2Fv2%2Fmedia&parent=10"}],"curies":[{"name":"wp","href":"https:\/\/api.w.org\/{rel}","templated":true}]}}