{"id":2,"date":"2016-04-02T17:17:14","date_gmt":"2016-04-02T15:17:14","guid":{"rendered":""},"modified":"2025-12-01T16:18:43","modified_gmt":"2025-12-01T15:18:43","slug":"beispiel-seite","status":"publish","type":"page","link":"https:\/\/www.droehl.at\/","title":{"rendered":"Start"},"content":{"rendered":"<p style=\"text-align: left;\"><span style=\"color: #000000;\">Herzlich Willkommen in meiner Ordination<\/span><\/p>\n<p>&nbsp;<\/p>\n<p><span style=\"color: #ff0000;\">Ich bitte um Ihre Anmeldung per Telefon: 0699 12042309<\/span><\/p>\n<p><span style=\"color: #ff0000;\">oder per Mail: mloe@droehl.at<\/span><\/p>\n<p><strong><span style=\"font-size: 14pt; color: #000080;\">Falls Sie Erk\u00e4ltungssymptome haben, tragen Sie bitte in der Ordination eine Maske<br \/>\nIch kann vieles per Telefon, Fax oder per Mail erledigen.<\/span><\/strong><\/p>\n<p><em>\u00a0Rezepte k\u00f6nnen nur per Post geschickt werden. \u00dcberweisungen und Verordnungen kann ich per Mail oder Fax schicken. F\u00fcr eine Krankmeldung (au\u00dfer bei glaubhaftem respiratorischem Infekt) kommen Sie mit Termin pers\u00f6nlich in die Ordination.\u00a0<strong><span style=\"font-size: 14pt; color: #000080;\"><br \/>\n<\/span><\/strong><br \/>\n<\/em><\/p>\n<p><span style=\"color: #000000;\">Ich bin Wahl\u00e4rztin f\u00fcr Allgemeinmedizin. Ich nehme mir gerne f\u00fcr Sie Zeit.<\/span><\/p>\n<p><span style=\"color: #000000;\">Ich habe keine Krankenkassen, kann aber trotzdem Kassenrezepte, Kassen\u00fcberweisungen,\u00a0Krankschreibungen und Kurantr\u00e4ge ausstellen.<\/span><\/p>\n<p>&nbsp;<\/p>\n<p><strong><span style=\"color: #000000;\">\u00a0 Ordination:<\/span><\/strong><strong><span style=\"color: #000000;\"><img loading=\"lazy\" decoding=\"async\" class=\"alignnone size-medium wp-image-176 alignleft\" src=\"https:\/\/www.droehl.at\/wp-content\/uploads\/2016\/04\/Zwischenablage03-300x277.jpg\" alt=\"Zwischenablage03\" width=\"300\" height=\"277\" srcset=\"https:\/\/www.droehl.at\/wp-content\/uploads\/2016\/04\/Zwischenablage03-300x277.jpg 300w, https:\/\/www.droehl.at\/wp-content\/uploads\/2016\/04\/Zwischenablage03.jpg 614w\" sizes=\"auto, (max-width: 300px) 100vw, 300px\" \/><\/span><\/strong><\/p>\n<p><strong><span style=\"color: #000000;\">OMR Dr. Maria-Luise \u00d6hl\u00a0\u00a0<\/span><\/strong><\/p>\n<p><strong><span style=\"color: #000000;\">1120, Khleslplatz 9\/2<\/span><\/strong><\/p>\n<p><span style=\"color: #000000;\">\u00a0 Bitte vereinbaren Sie einen Termin<\/span><\/p>\n<p><strong><span style=\"color: #000000;\">\u00a0 per Telefon: 0699 120 42 309 oder<\/span><\/strong><\/p>\n<p><strong><span style=\"color: #000000;\">\u00a0 per Mail: <a href=\"mailto:mloe@aon.at\" target=\"_blank\" rel=\"noopener noreferrer\">mloe@droehl.at<\/a><\/span><\/strong><\/p>\n<p>&nbsp;<\/p>\n<p>&nbsp;<\/p>\n<p>&nbsp;<\/p>\n<p><a href=\"https:\/\/www.google.at\/maps\/place\/Khleslpl.+9,+1120+Wien\/@48.162863,16.3194356,17z\/data=!3m1!4b1!4m2!3m1!1s0x476da867698df1af:0xb5e0bd9c8480843b\" target=\"_blank\" rel=\"noopener noreferrer\">Plan vergr\u00f6\u00dfern<\/a><\/p>\n","protected":false},"excerpt":{"rendered":"<p>Herzlich Willkommen in meiner Ordination &nbsp; Ich bitte um Ihre Anmeldung per Telefon: 0699 12042309 oder per Mail: mloe@droehl.at Falls Sie Erk\u00e4ltungssymptome haben, tragen Sie bitte in der Ordination eine Maske Ich kann vieles per Telefon, Fax oder per Mail &hellip; <a href=\"https:\/\/www.droehl.at\/\">Weiterlesen <span class=\"meta-nav\">&rarr;<\/span><\/a><\/p>\n","protected":false},"author":1,"featured_media":372,"parent":0,"menu_order":0,"comment_status":"closed","ping_status":"open","template":"","meta":{"footnotes":""},"class_list":["post-2","page","type-page","status-publish","has-post-thumbnail","hentry"],"_links":{"self":[{"href":"https:\/\/www.droehl.at\/index.php?rest_route=\/wp\/v2\/pages\/2","targetHints":{"allow":["GET"]}}],"collection":[{"href":"https:\/\/www.droehl.at\/index.php?rest_route=\/wp\/v2\/pages"}],"about":[{"href":"https:\/\/www.droehl.at\/index.php?rest_route=\/wp\/v2\/types\/page"}],"author":[{"embeddable":true,"href":"https:\/\/www.droehl.at\/index.php?rest_route=\/wp\/v2\/users\/1"}],"replies":[{"embeddable":true,"href":"https:\/\/www.droehl.at\/index.php?rest_route=%2Fwp%2Fv2%2Fcomments&post=2"}],"version-history":[{"count":35,"href":"https:\/\/www.droehl.at\/index.php?rest_route=\/wp\/v2\/pages\/2\/revisions"}],"predecessor-version":[{"id":476,"href":"https:\/\/www.droehl.at\/index.php?rest_route=\/wp\/v2\/pages\/2\/revisions\/476"}],"wp:featuredmedia":[{"embeddable":true,"href":"https:\/\/www.droehl.at\/index.php?rest_route=\/wp\/v2\/media\/372"}],"wp:attachment":[{"href":"https:\/\/www.droehl.at\/index.php?rest_route=%2Fwp%2Fv2%2Fmedia&parent=2"}],"curies":[{"name":"wp","href":"https:\/\/api.w.org\/{rel}","templated":true}]}}