{"id":229,"date":"2016-07-14T17:26:22","date_gmt":"2016-07-14T15:26:22","guid":{"rendered":"http:\/\/www.droehl.at\/?page_id=229"},"modified":"2026-03-23T16:12:16","modified_gmt":"2026-03-23T15:12:16","slug":"urlaub","status":"publish","type":"page","link":"https:\/\/www.droehl.at\/?page_id=229","title":{"rendered":"Urlaub"},"content":{"rendered":"<p>&nbsp;<\/p>\n<p>Urlaub vom 16. bis 25. Juni 2026<\/p>\n<p>Wenn Sie mich nicht erreichen<\/p>\n<p>rufen Sie eine andere \u00c4rztin\/Arzt f\u00fcr Allgemeinmedizin an oder wenden Sie sich in dringenden F\u00e4llen an den \u00c4rztenotdienst: 141 oder die Telefonnummer 1450.<\/p>\n<p>F\u00fcr Terminvereinbarungen rufen Sie mich an: 0699 12042309, Sie k\u00f6nnen mir ein Mail schreiben: <a href=\"mailto:mloe@aon.at\" target=\"_blank\" rel=\"noopener\">mloe@droehl.at<\/a>, ich werde, soweit es mir m\u00f6glich ist, antworten.<\/p>\n<p>&nbsp;<\/p>\n","protected":false},"excerpt":{"rendered":"<p>&nbsp; Urlaub vom 16. bis 25. Juni 2026 Wenn Sie mich nicht erreichen rufen Sie eine andere \u00c4rztin\/Arzt f\u00fcr Allgemeinmedizin an oder wenden Sie sich in dringenden F\u00e4llen an den \u00c4rztenotdienst: 141 oder die Telefonnummer 1450. F\u00fcr Terminvereinbarungen rufen Sie &hellip; <a href=\"https:\/\/www.droehl.at\/?page_id=229\">Weiterlesen <span class=\"meta-nav\">&rarr;<\/span><\/a><\/p>\n","protected":false},"author":1,"featured_media":0,"parent":0,"menu_order":0,"comment_status":"closed","ping_status":"closed","template":"","meta":{"footnotes":""},"class_list":["post-229","page","type-page","status-publish","hentry"],"_links":{"self":[{"href":"https:\/\/www.droehl.at\/index.php?rest_route=\/wp\/v2\/pages\/229","targetHints":{"allow":["GET"]}}],"collection":[{"href":"https:\/\/www.droehl.at\/index.php?rest_route=\/wp\/v2\/pages"}],"about":[{"href":"https:\/\/www.droehl.at\/index.php?rest_route=\/wp\/v2\/types\/page"}],"author":[{"embeddable":true,"href":"https:\/\/www.droehl.at\/index.php?rest_route=\/wp\/v2\/users\/1"}],"replies":[{"embeddable":true,"href":"https:\/\/www.droehl.at\/index.php?rest_route=%2Fwp%2Fv2%2Fcomments&post=229"}],"version-history":[{"count":55,"href":"https:\/\/www.droehl.at\/index.php?rest_route=\/wp\/v2\/pages\/229\/revisions"}],"predecessor-version":[{"id":521,"href":"https:\/\/www.droehl.at\/index.php?rest_route=\/wp\/v2\/pages\/229\/revisions\/521"}],"wp:attachment":[{"href":"https:\/\/www.droehl.at\/index.php?rest_route=%2Fwp%2Fv2%2Fmedia&parent=229"}],"curies":[{"name":"wp","href":"https:\/\/api.w.org\/{rel}","templated":true}]}}